{"id":79,"date":"2019-11-26T15:44:05","date_gmt":"2019-11-26T14:44:05","guid":{"rendered":"https:\/\/utds.leyeti.be\/index.php\/vie-privee\/"},"modified":"2026-04-03T21:37:18","modified_gmt":"2026-04-03T19:37:18","slug":"vie-privee","status":"publish","type":"page","link":"https:\/\/utds.leyeti.be\/index.php\/vie-privee\/","title":{"rendered":"Vie priv\u00e9e"},"content":{"rendered":"\r\n<h1 class=\"wp-block-heading\">Vie priv\u00e9e<\/h1>\r\n\r\n\r\n\r\n<h2 class=\"wp-block-heading\">Principes relatifs \u00e0 la collecte de donn\u00e9es \u00e0 caract\u00e8re personnel <\/h2>\r\n\r\n\r\n\r\n<p>Evotrail (01\/2023)<\/p>\r\n\r\n\r\n\r\n<p>Les informations personnelles li\u00e9es au visiteur sont trait\u00e9es conform\u00e9ment aux dispositions de la loi du 8 d\u00e9cembre 1992 relative au traitement de donn\u00e9es \u00e0 caract\u00e8re personnel.<\/p>\r\n\r\n\r\n\r\n<p>Concr\u00e8tement, cela signifie notamment que:<\/p>\r\n\r\n\r\n\r\n<ul class=\"wp-block-list\"><li>Vos donn\u00e9es \u00e0 caract\u00e8re personnel ne pourront \u00eatre recueillies et trait\u00e9es que conform\u00e9ment aux finalit\u00e9s indiqu\u00e9es lors de leur collecte.<\/li><li>Vous disposerez du droit de consulter vos donn\u00e9es personnelles, afin de v\u00e9rifier leur exactitude et de faire corriger les \u00e9ventuelles erreurs les concernant. A cet effet, vous pourrez prendre contact avec le responsable du traitement de vos donn\u00e9es dont les coordonn\u00e9es figurent ci-dessous.<\/li><li>ASBL Evotrail s\u2019engage \u00e0 prendre les meilleures mesures de s\u00e9curit\u00e9 afin d\u2019\u00e9viter que des tiers n\u2019abusent des donn\u00e9es \u00e0 caract\u00e8re personnel que vous auriez communiqu\u00e9es.<\/li><\/ul>\r\n\r\n\r\n\r\n<h2 class=\"wp-block-heading\">Responsable des traitements<\/h2>\r\n\r\n\r\n\r\n<p>Toute demande ou question relative \u00e0 la protection de la vie priv\u00e9e sur le site peut nous \u00eatre pos\u00e9e \u00e0 l\u2019adresse postale de la SRL JyRaf par voie postale \u00e0 l\u2019adresse 5 Rue des Fouarges \u00e0 4500 HUY (Belgique) ou via l\u2019adresse e-mail : <a href=\"mailto:privacy.info@thenextventure.be\">privacy.info@thenextventure.be<\/a><\/p>\r\n\r\n\r\n\r\n<h2 class=\"wp-block-heading\">Utilisation \u00e0 des fins statistiques d\u2019informations relatives \u00e0 la navigation<\/h2>\r\n\r\n\r\n\r\n<p>Lorsque vous acc\u00e9dez au site, les serveurs consult\u00e9s collectent automatiquement les donn\u00e9es suivantes:<\/p>\r\n\r\n\r\n\r\n<ul class=\"wp-block-list\"><li>l\u2019adresse IP qui vous est attribu\u00e9e lors de votre connexion<\/li><li>la date et l\u2019heure d\u2019acc\u00e8s au site<\/li><li>les pages consult\u00e9es<\/li><li>le type de navigateur (browser) utilis\u00e9<\/li><li>la plate-forme et\/ou le syst\u00e8me d\u2019exploitation install\u00e9 sur votre ordinateur<\/li><li>le moteur de recherche ainsi que les mots-cl\u00e9s utilis\u00e9s pour retrouver le site.<\/li><\/ul>\r\n\r\n\r\n\r\n<p>Ces informations ne sont conserv\u00e9es qu\u2019\u00e0 la seule fin de mesurer le nombre de visiteurs dans les diff\u00e9rentes sections du site et d\u2019y apporter des am\u00e9liorations.<\/p>\r\n\r\n\r\n\r\n<h2 class=\"wp-block-heading\">Utilisation de cookies<\/h2>\r\n\r\n\r\n\r\n<p>Dans le but de faciliter votre navigation sur le site ainsi que d\u2019optimaliser la gestion technique, La SRL JyRaf peut \u00eatre occasionnellement amen\u00e9e \u00e0 utiliser des \u00ab cookies \u00bb.<\/p>\r\n\r\n\r\n\r\n<p> Un \u00ab cookie \u00bb est une petite pi\u00e8ce d\u2019information sauvegard\u00e9e par un site web au sein du navigateur Internet de votre ordinateur. Ce \u00ab cookie \u00bb peut \u00eatre r\u00e9cup\u00e9r\u00e9 lors d\u2019une visite ult\u00e9rieure sur ce m\u00eame site. Le \u00ab cookie \u00bb ne peut \u00eatre lu par un autre site web que celui qui l\u2019a cr\u00e9\u00e9. Le site utilise les \u00ab cookies \u00bb \u00e0 des fins administratives pour, par exemple, enregistrer vos pr\u00e9f\u00e9rences pour certains types d\u2019informations, ce qui vous \u00e9vitera de devoir r\u00e9p\u00e9ter les m\u00eames saisies au clavier lors de chaque visite \u00e0 notre site.<\/p>\r\n\r\n\r\n\r\n<p>La plupart des \u00ab cookies \u00bb ne fonctionnent que le temps d\u2019une session ou visite. Aucun d\u2019entre eux ne contient d\u2019informations vous rendant susceptible de pouvoir \u00eatre contact\u00e9 par t\u00e9l\u00e9phone, courrier \u00e9lectronique ou postal. Il vous est \u00e9galement possible de configurer votre navigateur pour vous informer lors de chaque cr\u00e9ation de \u00ab cookie \u00bb ou pour emp\u00eacher leur enregistrement.<\/p>\r\n\r\n\r\n\r\n<div style=\"height:30px\" aria-hidden=\"true\" class=\"wp-block-spacer\"><\/div>\r\n","protected":false},"excerpt":{"rendered":"<p>Vie priv\u00e9e Principes relatifs \u00e0 la collecte de donn\u00e9es \u00e0 caract\u00e8re personnel Evotrail (01\/2023) Les informations personnelles li\u00e9es au visiteur sont trait\u00e9es conform\u00e9ment aux dispositions de la loi du 8 d\u00e9cembre 1992 relative au traitement de donn\u00e9es \u00e0 caract\u00e8re personnel. Concr\u00e8tement, cela signifie notamment que: Vos donn\u00e9es \u00e0 caract\u00e8re personnel ne pourront \u00eatre recueillies et [&hellip;]<\/p>\n","protected":false},"author":1,"featured_media":0,"parent":0,"menu_order":0,"comment_status":"closed","ping_status":"closed","template":"","meta":{"footnotes":""},"class_list":["post-79","page","type-page","status-publish","hentry"],"_links":{"self":[{"href":"https:\/\/utds.leyeti.be\/index.php\/wp-json\/wp\/v2\/pages\/79","targetHints":{"allow":["GET"]}}],"collection":[{"href":"https:\/\/utds.leyeti.be\/index.php\/wp-json\/wp\/v2\/pages"}],"about":[{"href":"https:\/\/utds.leyeti.be\/index.php\/wp-json\/wp\/v2\/types\/page"}],"author":[{"embeddable":true,"href":"https:\/\/utds.leyeti.be\/index.php\/wp-json\/wp\/v2\/users\/1"}],"replies":[{"embeddable":true,"href":"https:\/\/utds.leyeti.be\/index.php\/wp-json\/wp\/v2\/comments?post=79"}],"version-history":[{"count":0,"href":"https:\/\/utds.leyeti.be\/index.php\/wp-json\/wp\/v2\/pages\/79\/revisions"}],"wp:attachment":[{"href":"https:\/\/utds.leyeti.be\/index.php\/wp-json\/wp\/v2\/media?parent=79"}],"curies":[{"name":"wp","href":"https:\/\/api.w.org\/{rel}","templated":true}]}}