{"id":78,"date":"2019-11-26T15:29:53","date_gmt":"2019-11-26T14:29:53","guid":{"rendered":"https:\/\/utds.leyeti.be\/index.php\/reglement-general-sur-la-protection-des-donnees-rgpd-gdpr\/"},"modified":"2026-04-03T21:33:20","modified_gmt":"2026-04-03T19:33:20","slug":"reglement-general-sur-la-protection-des-donnees-rgpd-gdpr","status":"publish","type":"page","link":"https:\/\/utds.leyeti.be\/index.php\/reglement-general-sur-la-protection-des-donnees-rgpd-gdpr\/","title":{"rendered":"R\u00e8glement G\u00e9n\u00e9ral sur la Protection des Donn\u00e9es (RGPD\/GDPR)"},"content":{"rendered":"\r\n<h1 class=\"wp-block-heading\">R\u00e8glement G\u00e9n\u00e9ral sur la Protection des Donn\u00e9es (RGPD\/GDPR)<\/h1>\r\n\r\n\r\n\r\n<p>Le R\u00e8glement G\u00e9n\u00e9ral sur la Protection des Donn\u00e9es (RGPD\/GDPR) est une loi sur la vie priv\u00e9e \u00e9dict\u00e9e par l\u2019Union europ\u00e9enne (UE). Elle concerne les entreprises et organisations du monde entier depuis son entr\u00e9e en application le 25 mai 2018. Ce r\u00e8glement d\u00e9finit la mani\u00e8re dont une organisation traite ou utilise les donn\u00e9es personnelles des citoyens de l\u2019UE, y compris les organisations situ\u00e9es en dehors de l\u2019UE.<\/p>\r\n\r\n\r\n\r\n<p>La SRL JyRafl s\u2019applique \u00e0 respecter aussi fid\u00e8lement que possible cette l\u00e9gislation en informant les visiteurs de son site Internet des \u00e9l\u00e9ments suivants:<\/p>\r\n\r\n\r\n\r\n<h2 class=\"wp-block-heading\">1. Transparence<\/h2>\r\n\r\n\r\n\r\n<p>Lors de la consultation de ce site Internet, des donn\u00e9es \u00e0 caract\u00e8re personnel sont enregistr\u00e9es dans les cas suivants:<\/p>\r\n\r\n\r\n\r\n<ul class=\"wp-block-list\"><li>lorsque vous remplissez le formulaire de contact (pr\u00e9nom, nom, adresse e-mail, num\u00e9ro de t\u00e9l\u00e9phone et votre message)<\/li><li>lorsque vous vous vous inscrivez \u00e0 une \u00e9preuve via le site de <a rel=\"noreferrer noopener\" aria-label=\"%s (opens in a new tab)\" href=\"http:\/\/www.chronorace.be\" target=\"_blank\">Ultratiming<\/a>. <\/li><\/ul>\r\n\r\n\r\n\r\n<p>Notons que l\u2019enregistrement de ces donn\u00e9es est g\u00e9n\u00e9ralement doubl\u00e9e d\u2019un envoi d\u2019email dirig\u00e9 vers l\u2019adresse <a href=\"mailto:run@utds.be\" target=\"_blank\" rel=\"noreferrer noopener\" aria-label=\"%s (opens in a new tab)\">run@utds.be<\/a><\/p>\r\n\r\n\r\n\r\n<p>De plus, ce site enregistre de fa\u00e7on non nominative des informations li\u00e9es \u00e0 votre visite par le biais de cookies d\u2019analyse et de performance (GoogleAnalytics).<\/p>\r\n\r\n\r\n\r\n<p>Enfin, la lecture de nos s\u00e9quences vid\u00e9os disponibles sur ce site et techniquement plac\u00e9es sur la plateforme Youtube font \u00e9galement l\u2019objet de l\u2019enregistrement de certaines donn\u00e9es de consultations dont le mode est pr\u00e9cis\u00e9 dans les conditions directement fix\u00e9es par Youtube.<\/p>\r\n\r\n\r\n\r\n<h2 class=\"wp-block-heading\">2. Finalit\u00e9<\/h2>\r\n\r\n\r\n\r\n<p>Les donn\u00e9es collect\u00e9es sont utilis\u00e9es pour:<br>  - vous informer de nos actualit\u00e9s (nouveaut\u00e9s, \u00e9v\u00e9nements, informations li\u00e9es \u00e0 la course,\u2026)<br>  - vous permettre d\u2019obtenir les avantages propos\u00e9s par nos partenaires.<br>  - recevoir des informations li\u00e9es aux nouveaut\u00e9s, promotions, actualit\u00e9s de ces m\u00eames partenaires<\/p>\r\n\r\n\r\n\r\n<p>Les donn\u00e9es collect\u00e9es sont potentiellement partag\u00e9es avec ces partenaires dans les seules finalit\u00e9s list\u00e9es ci-dessus. Merci de vous r\u00e9f\u00e9rer \u00e0 leurs propres conditions d\u2019utilisation de vos donn\u00e9es dans le bon respect du RGPD.<\/p>\r\n\r\n\r\n\r\n<p>Les donn\u00e9es statistiques collect\u00e9es via GoogleAnalytics nous servent \u00e0 optimiser le fonctionnement du site et sa fluidit\u00e9 lors de votre visite mais \u00e9galement \u00e0 mesurer les statistiques de fr\u00e9quentation de nos pages via GoogleAnalytics afin de jauger de l\u2019int\u00e9r\u00eat port\u00e9 \u00e0 notre contenu.<\/p>\r\n\r\n\r\n\r\n<p>La SRL JyRaf s\u2019engage \u00e0 ne pas partager, c\u00e9der ou vendre les donn\u00e9es collect\u00e9es avec des tiers en dehors des partenaires cit\u00e9s ci-avant.<\/p>\r\n\r\n\r\n\r\n<h2 class=\"wp-block-heading\">3. Exactitude et qualit\u00e9 des donn\u00e9es<\/h2>\r\n\r\n\r\n\r\n<p>Lors de votre inscription \u00e0 nos \u00e9preuves sportives, un mail vous est envoy\u00e9. Il vous permet de contr\u00f4le les informations transmises tout en confirmant votre acceptation et consentement.<\/p>\r\n\r\n\r\n\r\n<h2 class=\"wp-block-heading\">4. Traitement de donn\u00e9es minimales<\/h2>\r\n\r\n\r\n\r\n<p>Nous limitons au minimum la quantit\u00e9 d\u2019information li\u00e9e \u00e0 chaque personne tenant compte du fait que nous sommes potentiellement amen\u00e9s \u00e0 vous contacter par e-mail, courrier postal ou t\u00e9l\u00e9phone.<\/p>\r\n\r\n\r\n\r\n<h2 class=\"wp-block-heading\">5. D\u00e9lai de conservation<\/h2>\r\n\r\n\r\n\r\n<p>La SRL JyRaf enregistre les donn\u00e9es pour une dur\u00e9e de maximum 10 ans. A tout moment, vous \u00eates libre de r\u00e9clamer la suppression de vos donn\u00e9es.<\/p>\r\n\r\n\r\n\r\n<h2 class=\"wp-block-heading\">6. S\u00e9curit\u00e9 et l\u00e9galit\u00e9 du traitement des donn\u00e9es<\/h2>\r\n\r\n\r\n\r\n<p>La SRL Jyraf s\u2019engage \u00e0 enregistrer de mani\u00e8re s\u00e9curis\u00e9e ces donn\u00e9es sur un serveur prot\u00e9g\u00e9 par un pare-feu et \u00e0 n\u2019en donner acc\u00e8s qu\u2019aux seules personnes concern\u00e9es par le traitement de votre demande.<\/p>\r\n\r\n\r\n\r\n<h2 class=\"wp-block-heading\">7. Droits d\u2019acc\u00e8s \u00e0 vos donn\u00e9es <\/h2>\r\n\r\n\r\n\r\n<p>Vous disposez d\u2019un droit de v\u00e9rification et de rectification des donn\u00e9es enregistr\u00e9es dans le cadre de votre utilisation de notre site Internet. La suppression des donn\u00e9es interviendra d\u2019office apr\u00e8s 10 ans \u00e0 dater de la r\u00e9ception des formulaires que vous aurez compl\u00e9t\u00e9.<\/p>\r\n\r\n\r\n\r\n<p>Le responsable du traitement de vos donn\u00e9es est Yves Evrard, administrateur de la SRL Jyraf.<\/p>\r\n\r\n\r\n\r\n<p>Toute demande ou question relative \u00e0 la protection de vos donn\u00e9es ou toute demande de suppression, adaptations ou rectification de celles-ci peut nous \u00eatre pos\u00e9e \u00e0 l\u2019adresse postale de la SRL Jyraf par voie postale \u00e0 l\u2019adresse 5 Rue des Fouarges \u00e0 4500 Huy (Belgique) ou via l\u2019adresse e-mail : <a href=\"mailto:privacy.info@thenextventure.be\">privacy.info@thenextventure.be<\/a><\/p>\r\n\r\n\r\n\r\n<div style=\"height:30px\" aria-hidden=\"true\" class=\"wp-block-spacer\"><\/div>\r\n","protected":false},"excerpt":{"rendered":"<p>R\u00e8glement G\u00e9n\u00e9ral sur la Protection des Donn\u00e9es (RGPD\/GDPR) Le R\u00e8glement G\u00e9n\u00e9ral sur la Protection des Donn\u00e9es (RGPD\/GDPR) est une loi sur la vie priv\u00e9e \u00e9dict\u00e9e par l\u2019Union europ\u00e9enne (UE). Elle concerne les entreprises et organisations du monde entier depuis son entr\u00e9e en application le 25 mai 2018. Ce r\u00e8glement d\u00e9finit la mani\u00e8re dont une organisation [&hellip;]<\/p>\n","protected":false},"author":1,"featured_media":0,"parent":0,"menu_order":0,"comment_status":"closed","ping_status":"closed","template":"","meta":{"footnotes":""},"class_list":["post-78","page","type-page","status-publish","hentry"],"_links":{"self":[{"href":"https:\/\/utds.leyeti.be\/index.php\/wp-json\/wp\/v2\/pages\/78","targetHints":{"allow":["GET"]}}],"collection":[{"href":"https:\/\/utds.leyeti.be\/index.php\/wp-json\/wp\/v2\/pages"}],"about":[{"href":"https:\/\/utds.leyeti.be\/index.php\/wp-json\/wp\/v2\/types\/page"}],"author":[{"embeddable":true,"href":"https:\/\/utds.leyeti.be\/index.php\/wp-json\/wp\/v2\/users\/1"}],"replies":[{"embeddable":true,"href":"https:\/\/utds.leyeti.be\/index.php\/wp-json\/wp\/v2\/comments?post=78"}],"version-history":[{"count":0,"href":"https:\/\/utds.leyeti.be\/index.php\/wp-json\/wp\/v2\/pages\/78\/revisions"}],"wp:attachment":[{"href":"https:\/\/utds.leyeti.be\/index.php\/wp-json\/wp\/v2\/media?parent=78"}],"curies":[{"name":"wp","href":"https:\/\/api.w.org\/{rel}","templated":true}]}}