{"id":77,"date":"2019-11-26T15:17:20","date_gmt":"2019-11-26T14:17:20","guid":{"rendered":"https:\/\/utds.leyeti.be\/index.php\/termes-conditions\/"},"modified":"2023-02-05T21:51:30","modified_gmt":"2023-02-05T20:51:30","slug":"termes-conditions","status":"publish","type":"page","link":"https:\/\/utds.leyeti.be\/index.php\/termes-conditions\/","title":{"rendered":"Termes &amp; conditions"},"content":{"rendered":"\r\n<h1 class=\"wp-block-heading\">Termes &amp; conditions<\/h1>\r\n\r\n\r\n\r\n<h2 class=\"wp-block-heading\">Informations juridiques &amp; conditions d\u2019utilisation du site Evotrail (01\/2023)<\/h2>\r\n\r\n\r\n\r\n<p>L\u2019utilisation du site de www.utds.be est soumise au respect des conditions g\u00e9n\u00e9rales d\u00e9crites ci-apr\u00e8s. En acc\u00e9dant \u00e0 ce site, vous d\u00e9clarez avoir pris connaissance et avoir accept\u00e9, sans la moindre r\u00e9serve, ces conditions g\u00e9n\u00e9rales d\u2019utilisation.<\/p>\r\n\r\n\r\n\r\n<h2 class=\"wp-block-heading\">Qualit\u00e9 de l\u2019information et du service, limitation de responsabilit\u00e9<\/h2>\r\n\r\n\r\n\r\n<p>L\u2019ASBL ILR apporte le plus grand soin \u00e0 la cr\u00e9ation de son site. Elle ne garantit toutefois pas l\u2019exactitude des informations qui y sont propos\u00e9es. L\u2019utilisateur est \u00e9galement conscient que ces informations sont susceptibles d\u2019\u00eatre modifi\u00e9es sans avis pr\u00e9alable. Il en r\u00e9sulte que l\u2019ASBL Evotrail d\u00e9cline toute responsabilit\u00e9 quant au contenu de son site ou \u00e0 l\u2019utilisation qui pourrait en \u00eatre faite.<\/p>\r\n\r\n\r\n\r\n<p>L\u2019attention du visiteur est port\u00e9e sur le fait que les renseignements et tarifs \u00e9ventuellement mentionn\u00e9s sur le site sont donn\u00e9s \u00e0 titre indicatif. Pour obtenir un devis officiel ou une offre ferme, veuillez prendre contact directement avec l\u2019ASBL Evotrail par voie postale \u00e0 l\u2019adresse rue de Mouscron 74 \u00e0 4610 Queue du Bois (Belgique) ou via l\u2019adresse e-mail <a rel=\"noreferrer noopener\" aria-label=\"%s (opens in a new tab)\" href=\"mailto:evotrail2020@gmail.com\" target=\"_blank\">evotrail202<\/a><a href=\"mailto:evotrail2020@gmail.com\" target=\"_blank\" rel=\"noreferrer noopener\" aria-label=\"%s (opens in a new tab)\">0<\/a><a rel=\"noreferrer noopener\" aria-label=\"%s (opens in a new tab)\" href=\"mailto:evotrail2020@gmail.com\" target=\"_blank\">@gmail.com<\/a> mais aussi solliciter directement les partenaires concern\u00e9s par ces produits ou services.<\/p>\r\n\r\n\r\n\r\n<p>Les liens hypertextes pr\u00e9sents sur le site et aiguillant les utilisateurs vers d\u2019autres sites Internet n\u2019engagent pas la responsabilit\u00e9 de l\u2019ASBL Evotrail quant au contenu de ces sites. Les risques li\u00e9s \u00e0 l\u2019utilisation de ces sites incombent pleinement \u00e0 l\u2019utilisateur. Il se conformera \u00e0 leurs conditions d\u2019utilisation.<\/p>\r\n\r\n\r\n\r\n<p>En outre, l\u2019ASBL Evotrail ne peut pas \u00eatre tenu pour responsable des erreurs dans les adresses de site ou les noms de domaine figurant dans son site.<\/p>\r\n\r\n\r\n\r\n<p>Malgr\u00e9 les efforts consentis pour \u00e9viter autant que possible toute interruption due \u00e0 des probl\u00e8mes techniques, l\u2019ASBL Evotrail d\u00e9cline toute responsabilit\u00e9 du fait d\u2019interruptions de services ou d\u2019autres probl\u00e8mes techniques.<\/p>\r\n\r\n\r\n\r\n<h2 class=\"wp-block-heading\">Droits de propri\u00e9t\u00e9 intellectuelle<\/h2>\r\n\r\n\r\n\r\n<p>Les textes, mises en page, logos, photographies, vid\u00e9os, illustrations et autres \u00e9l\u00e9ments constitutifs du site sont prot\u00e9g\u00e9s par le droit d\u2019auteur ou, s\u2019agissant de bases de donn\u00e9es, par un droit sp\u00e9cifique. Tous ces \u00e9l\u00e9ments constituent la propri\u00e9t\u00e9 de l\u2019ASBL Evotrail et des marques commercialis\u00e9es par l\u2019entreprise ou, le cas \u00e9ch\u00e9ant, d\u2019un tiers aupr\u00e8s duquel l\u2019ASBL Evotrail a obtenu les autorisations n\u00e9cessaires.<\/p>\r\n\r\n\r\n\r\n<p>Sauf stipulation contraire, l\u2019information textuelle ou chiffr\u00e9e figurant sur le site peut \u00eatre utilis\u00e9e gratuitement mais moyennant mention de la source et uniquement pour un usage qui ne soit ni commercial, ni publicitaire. Par contre, toute reproduction \u00e0 caract\u00e8re commercial ou publicitaire de ces informations, de m\u00eame que toutes formes d\u2019utilisation et de reproduction des autres \u00e9l\u00e9ments constitutifs du site, tels que la ligne graphique, le logo Evotrail, les images, les vid\u00e9os, les animations, les sons ou les applications informatiques, sont strictement interdites sans autorisation pr\u00e9alable. Toute demande en ce sens doit \u00eatre adress\u00e9e par \u00e9crit \u00e0 l\u2019ASBL Evotrail par voie postale \u00e0 l\u2019adresse rue de Mouscron 74 \u00e0 4610 Queue du Bois (Belgique) ou via l\u2019adresse e-mail <a href=\"mailto:evotrail2020@gmail.com\" target=\"_blank\" rel=\"noreferrer noopener\" aria-label=\"%s (opens in a new tab)\">evotrail2020@gmail.com<\/a> <\/p>\r\n\r\n\r\n\r\n<h2 class=\"wp-block-heading\">Cr\u00e9ation d\u2019hyperliens vers le site<\/h2>\r\n\r\n\r\n\r\n<p>L\u2019ASBL ILR autorise la cr\u00e9ation sans demande pr\u00e9alable de liens en surface (surface linking) qui renvoient \u00e0 la page d\u2019accueil du site ou \u00e0 toute autre page dans sa globalit\u00e9. Par contre, le recours \u00e0 toutes techniques visant \u00e0 inclure tout ou partie du site dans un site Internet en masquant ne serait-ce que partiellement l\u2019origine exacte de l\u2019information ou pouvant pr\u00eater \u00e0 confusion sur l\u2019origine de l\u2019information, telle que le framing ou l\u2019in-lining, requiert l\u2019autorisation \u00e9crite de l\u2019ASBL Evotrail par voie postale \u00e0 l\u2019adresse rue de Mouscron 74 \u00e0 4610 Queue du Bois (Belgique) ou via l\u2019adresse e-mail <a rel=\"noreferrer noopener\" aria-label=\"%s (opens in a new tab)\" href=\"mailto:iloverunningliege@gmail.com\" target=\"_blank\">evotrail2020@gmail.com<\/a> <\/p>\r\n\r\n\r\n\r\n<h2 class=\"wp-block-heading\">Informations transmises<\/h2>\r\n\r\n\r\n\r\n<p>Ne transmettez pas ou ne publiez pas sur le site www.utds.be d\u2019information ill\u00e9gale, mena\u00e7ante, diffamatoire, obsc\u00e8ne, scandaleuse, provocatrice, pornographique ou blasph\u00e9matoire, ou toute autre information pouvant entra\u00eener une responsabilit\u00e9 civile ou p\u00e9nale, selon la loi du territoire belge auquel ce site se r\u00e9f\u00e8re.<\/p>\r\n\r\n\r\n\r\n<h2 class=\"wp-block-heading\">Photographies &amp; vid\u00e9os<\/h2>\r\n\r\n\r\n\r\n<p> \u00a9 I Love Running Li\u00e8ge \/ Extratrail \/ Beno\u00eet Lambert \/ Pierre Florkin \/ AdobeStock \/ OtraVista<\/p>\r\n\r\n\r\n\r\n<h2 class=\"wp-block-heading\">Piratage<\/h2>\r\n\r\n\r\n\r\n<p>Toute tentative ou action de piratage du site www.utds.be est passible de poursuites judiciaires devant les tribunaux de l\u2019arrondissement judiciaire de Li\u00e8ge (Belgique).<\/p>\r\n\r\n\r\n\r\n<h2 class=\"wp-block-heading\">Coordonn\u00e9es compl\u00e8tes<\/h2>\r\n\r\n\r\n\r\n<p>l\u2019ASBL Evotrail rue de Mouscron 74 \u00e0 4610 Queue du Bois (Belgique) <br> Mail : <a rel=\"noreferrer noopener\" aria-label=\"%s (opens in a new tab)\" href=\"mailto:evotrail2020@gmail.com\" target=\"_blank\">evotrail2020@gmail.com<\/a> \u2013 T\u00e9l. +32 (0)476217579. <\/p>\r\n","protected":false},"excerpt":{"rendered":"<p>Termes &amp; conditions Informations juridiques &amp; conditions d\u2019utilisation du site Evotrail (01\/2023) L\u2019utilisation du site de www.utds.be est soumise au respect des conditions g\u00e9n\u00e9rales d\u00e9crites ci-apr\u00e8s. En acc\u00e9dant \u00e0 ce site, vous d\u00e9clarez avoir pris connaissance et avoir accept\u00e9, sans la moindre r\u00e9serve, ces conditions g\u00e9n\u00e9rales d\u2019utilisation. Qualit\u00e9 de l\u2019information et du service, limitation de [&hellip;]<\/p>\n","protected":false},"author":1,"featured_media":0,"parent":0,"menu_order":0,"comment_status":"closed","ping_status":"closed","template":"","meta":{"footnotes":""},"class_list":["post-77","page","type-page","status-publish","hentry"],"_links":{"self":[{"href":"https:\/\/utds.leyeti.be\/index.php\/wp-json\/wp\/v2\/pages\/77","targetHints":{"allow":["GET"]}}],"collection":[{"href":"https:\/\/utds.leyeti.be\/index.php\/wp-json\/wp\/v2\/pages"}],"about":[{"href":"https:\/\/utds.leyeti.be\/index.php\/wp-json\/wp\/v2\/types\/page"}],"author":[{"embeddable":true,"href":"https:\/\/utds.leyeti.be\/index.php\/wp-json\/wp\/v2\/users\/1"}],"replies":[{"embeddable":true,"href":"https:\/\/utds.leyeti.be\/index.php\/wp-json\/wp\/v2\/comments?post=77"}],"version-history":[{"count":0,"href":"https:\/\/utds.leyeti.be\/index.php\/wp-json\/wp\/v2\/pages\/77\/revisions"}],"wp:attachment":[{"href":"https:\/\/utds.leyeti.be\/index.php\/wp-json\/wp\/v2\/media?parent=77"}],"curies":[{"name":"wp","href":"https:\/\/api.w.org\/{rel}","templated":true}]}}