{"id":76,"date":"2019-11-22T15:51:47","date_gmt":"2019-11-22T14:51:47","guid":{"rendered":"https:\/\/utds.leyeti.be\/index.php\/logement\/"},"modified":"2021-01-29T21:34:46","modified_gmt":"2021-01-29T20:34:46","slug":"logement","status":"publish","type":"page","link":"https:\/\/utds.leyeti.be\/index.php\/logement\/","title":{"rendered":"Logement"},"content":{"rendered":"\r\n<h1 class=\"wp-block-heading\">Logement<\/h1>\r\n\r\n\r\n\r\n<p>De nombreuses solutions de logement (g\u00eetes, chambres d'h\u00f4tes et h\u00f4tels de toutes cat\u00e9gories) sont propos\u00e9es dans la r\u00e9gion.<\/p>\r\n\r\n\r\n\r\n<p>Nous vous invitons \u00e0 consulter les sites Internet suivants afin de faciliter au mieux vos conditions de s\u00e9jour dans la r\u00e9gion.<\/p>\r\n\r\n\r\n\r\n<p><a rel=\"noreferrer noopener\" aria-label=\"%s (opens in a new tab)\" href=\"http:\/\/www.spa-hautesfagnes.be\/fr\/se-loger#p\" target=\"_blank\">MAISON DU TOURISME DE SPA - HAUTES FAGNES (SPA | THEUX | STAVELOT | JALHAY)<\/a><\/p>\r\n\r\n\r\n\r\n<p><a rel=\"noreferrer noopener\" aria-label=\"%s (opens in a new tab)\" href=\"https:\/\/ovatourisme.be\/se-loger\/\" target=\"_blank\">MAISON DU TOURISME OURTHE-VESDRE-AMBL\u00c8VE (STOUMONT)<\/a><\/p>\r\n\r\n\r\n\r\n<p><a href=\"https:\/\/www.haute-ardenne.be\/fr\" target=\"_blank\" rel=\"noreferrer noopener\" aria-label=\"%s (opens in a new tab)\">MAISON DU TOURISME HAUTE ARDENNE  (TROIS-PONTS)<\/a><\/p>\r\n\r\n\r\n\r\n<p><a href=\"https:\/\/www.ostbelgien.eu\/fr\/hebergements\" target=\"_blank\" rel=\"noreferrer noopener\" aria-label=\"%s (opens in a new tab)\">AGENCE DU TOURISME DES CANTONS DE L'EST (MALMEDY | WAIMES)<\/a><\/p>\r\n\r\n\r\n\r\n<div style=\"height:20px\" aria-hidden=\"true\" class=\"wp-block-spacer\"><\/div>\r\n\r\n\r\n\r\n<div class=\"wp-block-columns is-layout-flex wp-container-core-columns-is-layout-9d6595d7 wp-block-columns-is-layout-flex\">\r\n<div class=\"wp-block-column is-layout-flow wp-block-column-is-layout-flow\" style=\"flex-basis:33%\">\r\n<figure class=\"wp-block-image size-large\"><img decoding=\"async\" src=\"https:\/\/utds.leyeti.be\/wp-content\/uploads\/2019\/11\/utds-logement-camping.jpg\" alt=\"\" class=\"wp-image-38\" data-entity-type=\"file\" data-entity-uuid=\"4b3418cf-d611-4865-b58e-557f827ad78a\" data-image-style=\"original\"\/><\/figure>\r\n\r\n\r\n\r\n<p><\/p>\r\n<\/div>\r\n\r\n\r\n\r\n<div class=\"wp-block-column is-layout-flow wp-block-column-is-layout-flow\" style=\"flex-basis:33.5%\">\r\n<figure class=\"wp-block-image size-large\"><img decoding=\"async\" src=\"https:\/\/utds.leyeti.be\/wp-content\/uploads\/2019\/11\/utds-logement-hotel.jpg\" alt=\"\" class=\"wp-image-39\" data-entity-type=\"file\" data-entity-uuid=\"3010dc91-31b0-49b9-9d36-6b6ac1a4a26d\" data-image-style=\"original\"\/><\/figure>\r\n\r\n\r\n\r\n<p><\/p>\r\n<\/div>\r\n\r\n\r\n\r\n<div class=\"wp-block-column is-layout-flow wp-block-column-is-layout-flow\" style=\"flex-basis:33.5%\">\r\n<figure class=\"wp-block-image size-large\"><img decoding=\"async\" src=\"https:\/\/utds.leyeti.be\/wp-content\/uploads\/2019\/11\/utds-logement-gite-chambre-d-hote.jpg\" alt=\"\" class=\"wp-image-40\" data-entity-type=\"file\" data-entity-uuid=\"d134cd8b-086b-4717-9396-efacbce2e5d6\" data-image-style=\"original\"\/><\/figure>\r\n<\/div>\r\n<\/div>\r\n\r\n\r\n\r\n<div style=\"height:20px\" aria-hidden=\"true\" class=\"wp-block-spacer\"><\/div>\r\n","protected":false},"excerpt":{"rendered":"<p>Logement De nombreuses solutions de logement (g\u00eetes, chambres d&rsquo;h\u00f4tes et h\u00f4tels de toutes cat\u00e9gories) sont propos\u00e9es dans la r\u00e9gion. Nous vous invitons \u00e0 consulter les sites Internet suivants afin de faciliter au mieux vos conditions de s\u00e9jour dans la r\u00e9gion. MAISON DU TOURISME DE SPA &#8211; HAUTES FAGNES (SPA | THEUX | STAVELOT | JALHAY) [&hellip;]<\/p>\n","protected":false},"author":1,"featured_media":73,"parent":0,"menu_order":0,"comment_status":"closed","ping_status":"closed","template":"","meta":{"footnotes":""},"class_list":["post-76","page","type-page","status-publish","has-post-thumbnail","hentry"],"_links":{"self":[{"href":"https:\/\/utds.leyeti.be\/index.php\/wp-json\/wp\/v2\/pages\/76","targetHints":{"allow":["GET"]}}],"collection":[{"href":"https:\/\/utds.leyeti.be\/index.php\/wp-json\/wp\/v2\/pages"}],"about":[{"href":"https:\/\/utds.leyeti.be\/index.php\/wp-json\/wp\/v2\/types\/page"}],"author":[{"embeddable":true,"href":"https:\/\/utds.leyeti.be\/index.php\/wp-json\/wp\/v2\/users\/1"}],"replies":[{"embeddable":true,"href":"https:\/\/utds.leyeti.be\/index.php\/wp-json\/wp\/v2\/comments?post=76"}],"version-history":[{"count":0,"href":"https:\/\/utds.leyeti.be\/index.php\/wp-json\/wp\/v2\/pages\/76\/revisions"}],"wp:featuredmedia":[{"embeddable":true,"href":"https:\/\/utds.leyeti.be\/index.php\/wp-json\/wp\/v2\/media\/73"}],"wp:attachment":[{"href":"https:\/\/utds.leyeti.be\/index.php\/wp-json\/wp\/v2\/media?parent=76"}],"curies":[{"name":"wp","href":"https:\/\/api.w.org\/{rel}","templated":true}]}}