{"id":72,"date":"2019-11-22T15:49:18","date_gmt":"2019-11-22T14:49:18","guid":{"rendered":"https:\/\/utds.leyeti.be\/index.php\/presse-media\/"},"modified":"2020-11-17T10:56:36","modified_gmt":"2020-11-17T09:56:36","slug":"presse-media","status":"publish","type":"page","link":"https:\/\/utds.leyeti.be\/index.php\/presse-media\/","title":{"rendered":"Presse &amp; m\u00e9dia"},"content":{"rendered":"\r\n<h1 class=\"wp-block-heading\">Presse &amp; m\u00e9dia<\/h1>\r\n\r\n\r\n\r\n<p>L'\u00e9quipe Evotrail se tient \u00e0 la disposition de la Presse et des M\u00e9dias afin de leur procurer toutes les informations utiles relatives \u00e0 cet \u00e9v\u00e9nement sportif. <\/p>\r\n\r\n\r\n\r\n<p>Dossier de presse, communiqu\u00e9 de presse, photographies HD et vid\u00e9os sont disponibles sur simple demande. <\/p>\r\n\r\n\r\n\r\n<p>Nous invitons les journalistes \u00e0 formuler leurs requ\u00eates via l'adresse&nbsp;e-mail: <a href=\"mailto:run@utds.be\" target=\"_blank\" rel=\"noreferrer noopener\" aria-label=\"%s (opens in a new tab)\">run@utds.be<\/a><\/p>\r\n\r\n\r\n\r\n<div style=\"height:30px\" aria-hidden=\"true\" class=\"wp-block-spacer\"><\/div>\r\n","protected":false},"excerpt":{"rendered":"<p>Presse &amp; m\u00e9dia L&rsquo;\u00e9quipe Evotrail se tient \u00e0 la disposition de la Presse et des M\u00e9dias afin de leur procurer toutes les informations utiles relatives \u00e0 cet \u00e9v\u00e9nement sportif. Dossier de presse, communiqu\u00e9 de presse, photographies HD et vid\u00e9os sont disponibles sur simple demande. Nous invitons les journalistes \u00e0 formuler leurs requ\u00eates via l&rsquo;adresse&nbsp;e-mail: run@utds.be<\/p>\n","protected":false},"author":1,"featured_media":0,"parent":0,"menu_order":0,"comment_status":"closed","ping_status":"closed","template":"","meta":{"footnotes":""},"class_list":["post-72","page","type-page","status-publish","hentry"],"_links":{"self":[{"href":"https:\/\/utds.leyeti.be\/index.php\/wp-json\/wp\/v2\/pages\/72","targetHints":{"allow":["GET"]}}],"collection":[{"href":"https:\/\/utds.leyeti.be\/index.php\/wp-json\/wp\/v2\/pages"}],"about":[{"href":"https:\/\/utds.leyeti.be\/index.php\/wp-json\/wp\/v2\/types\/page"}],"author":[{"embeddable":true,"href":"https:\/\/utds.leyeti.be\/index.php\/wp-json\/wp\/v2\/users\/1"}],"replies":[{"embeddable":true,"href":"https:\/\/utds.leyeti.be\/index.php\/wp-json\/wp\/v2\/comments?post=72"}],"version-history":[{"count":0,"href":"https:\/\/utds.leyeti.be\/index.php\/wp-json\/wp\/v2\/pages\/72\/revisions"}],"wp:attachment":[{"href":"https:\/\/utds.leyeti.be\/index.php\/wp-json\/wp\/v2\/media?parent=72"}],"curies":[{"name":"wp","href":"https:\/\/api.w.org\/{rel}","templated":true}]}}