{"id":71,"date":"2019-11-22T15:47:44","date_gmt":"2019-11-22T14:47:44","guid":{"rendered":"https:\/\/utds.leyeti.be\/index.php\/resultats\/"},"modified":"2021-08-17T14:59:55","modified_gmt":"2021-08-17T12:59:55","slug":"resultats","status":"publish","type":"page","link":"https:\/\/utds.leyeti.be\/index.php\/resultats\/","title":{"rendered":"R\u00e9sultats"},"content":{"rendered":"\r\n<h1 class=\"wp-block-heading\">R\u00e9sultats<\/h1>\r\n\r\n\r\n\r\n<p>Une fois les \u00e9preuves termin\u00e9es, tous les r\u00e9sultats seront publi\u00e9s sur le site Internet de\u00a0<strong><a href=\"https:\/\/www.chronorace.be\/Classements\/ListeRapports.aspx?eventId=1187829040516626\" target=\"_blank\" rel=\"noreferrer noopener\" aria-label=\"%s (opens in a new tab)\">Chronorace<\/a>.<\/strong><\/p>\r\n\r\n\r\n\r\n<p>Des galeries photos des podiums seront \u00e9galement post\u00e9es sur ce site, la page Facebook de l'\u00e9v\u00e9nement et le compte Instagram.<\/p>\r\n\r\n\r\n\r\n<div style=\"height:30px\" aria-hidden=\"true\" class=\"wp-block-spacer\"><\/div>\r\n","protected":false},"excerpt":{"rendered":"<p>R\u00e9sultats Une fois les \u00e9preuves termin\u00e9es, tous les r\u00e9sultats seront publi\u00e9s sur le site Internet de\u00a0Chronorace. Des galeries photos des podiums seront \u00e9galement post\u00e9es sur ce site, la page Facebook de l&rsquo;\u00e9v\u00e9nement et le compte Instagram.<\/p>\n","protected":false},"author":1,"featured_media":0,"parent":0,"menu_order":0,"comment_status":"closed","ping_status":"closed","template":"","meta":{"footnotes":""},"class_list":["post-71","page","type-page","status-publish","hentry"],"_links":{"self":[{"href":"https:\/\/utds.leyeti.be\/index.php\/wp-json\/wp\/v2\/pages\/71","targetHints":{"allow":["GET"]}}],"collection":[{"href":"https:\/\/utds.leyeti.be\/index.php\/wp-json\/wp\/v2\/pages"}],"about":[{"href":"https:\/\/utds.leyeti.be\/index.php\/wp-json\/wp\/v2\/types\/page"}],"author":[{"embeddable":true,"href":"https:\/\/utds.leyeti.be\/index.php\/wp-json\/wp\/v2\/users\/1"}],"replies":[{"embeddable":true,"href":"https:\/\/utds.leyeti.be\/index.php\/wp-json\/wp\/v2\/comments?post=71"}],"version-history":[{"count":0,"href":"https:\/\/utds.leyeti.be\/index.php\/wp-json\/wp\/v2\/pages\/71\/revisions"}],"wp:attachment":[{"href":"https:\/\/utds.leyeti.be\/index.php\/wp-json\/wp\/v2\/media?parent=71"}],"curies":[{"name":"wp","href":"https:\/\/api.w.org\/{rel}","templated":true}]}}