{"id":70,"date":"2019-11-22T15:46:34","date_gmt":"2019-11-22T14:46:34","guid":{"rendered":"https:\/\/utds.leyeti.be\/index.php\/recompenses\/"},"modified":"2023-01-20T12:18:06","modified_gmt":"2023-01-20T11:18:06","slug":"recompenses","status":"publish","type":"page","link":"https:\/\/utds.leyeti.be\/index.php\/recompenses\/","title":{"rendered":"R\u00e9compenses"},"content":{"rendered":"\r\n<h1 class=\"wp-block-heading\">R\u00e9compenses<\/h1>\r\n\r\n\r\n\r\n<div style=\"height:20px\" aria-hidden=\"true\" class=\"wp-block-spacer\"><\/div>\r\n\r\n\r\n\r\n<div class=\"wp-block-columns is-layout-flex wp-container-core-columns-is-layout-9d6595d7 wp-block-columns-is-layout-flex\">\r\n<div class=\"wp-block-column is-layout-flow wp-block-column-is-layout-flow\">\r\n<h4 class=\"wp-block-heading\">Podium course:<\/h4>\r\n\r\n\r\n\r\n<h4 class=\"wp-block-heading\"> Solo 42 K &amp; 80 K<\/h4>\r\n\r\n\r\n\r\n<div style=\"height:20px\" aria-hidden=\"true\" class=\"wp-block-spacer\"><\/div>\r\n\r\n\r\n\r\n<ul class=\"wp-block-list\"><li>R\u00e9compenses aux trois premiers hommes et trois premi\u00e8res dames<\/li><li>Pas de distinctions par cat\u00e9gorie d\u2019\u00e2ge.<\/li><\/ul>\r\n<\/div>\r\n\r\n\r\n\r\n<div class=\"wp-block-column is-layout-flow wp-block-column-is-layout-flow\">\r\n<h4 class=\"wp-block-heading\">Podium course:<\/h4>\r\n\r\n\r\n\r\n<h4 class=\"wp-block-heading\"> Teams (relais)<\/h4>\r\n\r\n\r\n\r\n<div style=\"height:20px\" aria-hidden=\"true\" class=\"wp-block-spacer\"><\/div>\r\n\r\n\r\n\r\n<ul class=\"wp-block-list\"><li>R\u00e9compenses aux trois premi\u00e8res \u00e9quipes hommes.<\/li><li>R\u00e9compenses aux trois premi\u00e8res \u00e9quipes dames.<\/li><li>R\u00e9compenses aux trois premi\u00e8res \u00e9quipes mixtes.<\/li><\/ul>\r\n\r\n\r\n\r\n<p><\/p>\r\n<\/div>\r\n<\/div>\r\n\r\n\r\n\r\n<div style=\"height:30px\" aria-hidden=\"true\" class=\"wp-block-spacer\"><\/div>\r\n\r\n\r\n\r\n<figure class=\"wp-block-image size-large\"><img decoding=\"async\" src=\"https:\/\/utds.leyeti.be\/wp-content\/uploads\/2019\/11\/118577786_311148866986281_269636481666037374_o.jpg\" alt=\"\" class=\"wp-image-187\" data-entity-type=\"file\" data-entity-uuid=\"aa848bb5-bcef-4769-a8af-b9b1838e54e4\" data-image-style=\"original\"\/><\/figure>\r\n\r\n\r\n\r\n<figure class=\"wp-block-image size-large\"><img decoding=\"async\" src=\"https:\/\/utds.leyeti.be\/wp-content\/uploads\/2019\/11\/118393873_311148950319606_8094584514362437529_o.jpg\" alt=\"\" class=\"wp-image-188\" data-entity-type=\"file\" data-entity-uuid=\"dd50c91b-d7ac-4f46-9639-67fccf16f809\" data-image-style=\"original\"\/><\/figure>\r\n\r\n\r\n\r\n<p><\/p>\r\n","protected":false},"excerpt":{"rendered":"<p>R\u00e9compenses Podium course: Solo 42 K &amp; 80 K R\u00e9compenses aux trois premiers hommes et trois premi\u00e8res dames Pas de distinctions par cat\u00e9gorie d\u2019\u00e2ge. Podium course: Teams (relais) R\u00e9compenses aux trois premi\u00e8res \u00e9quipes hommes. R\u00e9compenses aux trois premi\u00e8res \u00e9quipes dames. R\u00e9compenses aux trois premi\u00e8res \u00e9quipes mixtes.<\/p>\n","protected":false},"author":1,"featured_media":68,"parent":0,"menu_order":0,"comment_status":"closed","ping_status":"closed","template":"","meta":{"footnotes":""},"class_list":["post-70","page","type-page","status-publish","has-post-thumbnail","hentry"],"_links":{"self":[{"href":"https:\/\/utds.leyeti.be\/index.php\/wp-json\/wp\/v2\/pages\/70","targetHints":{"allow":["GET"]}}],"collection":[{"href":"https:\/\/utds.leyeti.be\/index.php\/wp-json\/wp\/v2\/pages"}],"about":[{"href":"https:\/\/utds.leyeti.be\/index.php\/wp-json\/wp\/v2\/types\/page"}],"author":[{"embeddable":true,"href":"https:\/\/utds.leyeti.be\/index.php\/wp-json\/wp\/v2\/users\/1"}],"replies":[{"embeddable":true,"href":"https:\/\/utds.leyeti.be\/index.php\/wp-json\/wp\/v2\/comments?post=70"}],"version-history":[{"count":0,"href":"https:\/\/utds.leyeti.be\/index.php\/wp-json\/wp\/v2\/pages\/70\/revisions"}],"wp:featuredmedia":[{"embeddable":true,"href":"https:\/\/utds.leyeti.be\/index.php\/wp-json\/wp\/v2\/media\/68"}],"wp:attachment":[{"href":"https:\/\/utds.leyeti.be\/index.php\/wp-json\/wp\/v2\/media?parent=70"}],"curies":[{"name":"wp","href":"https:\/\/api.w.org\/{rel}","templated":true}]}}