{"id":67,"date":"2019-11-22T15:45:30","date_gmt":"2019-11-22T14:45:30","guid":{"rendered":"https:\/\/utds.leyeti.be\/index.php\/reglement\/"},"modified":"2024-01-19T09:31:20","modified_gmt":"2024-01-19T08:31:20","slug":"reglement","status":"publish","type":"page","link":"https:\/\/utds.leyeti.be\/index.php\/reglement\/","title":{"rendered":"R\u00e8glement"},"content":{"rendered":"\r\n<h1 class=\"wp-block-heading\">R\u00e8glement<\/h1>\r\n\r\n\r\n\r\n<p><strong>1. Organisation<\/strong><\/p>\r\n\r\n\r\n\r\n<p>L\u2019ASBL \u00ab&nbsp;Evotrail&nbsp;\u00bb porte l\u2019enti\u00e8re responsabilit\u00e9 l\u00e9gale et op\u00e9rationnelle de l\u2019organisation de l\u2019Ultra Trail des Sources<sup>)<\/sup>, une&nbsp;comp\u00e9tition de course \u00e0 pied ouverte aux coureurs licenci\u00e9s ou non.<br>Cette course \u00e0 pied utilise un trac\u00e9 original nomm\u00e9 \u00ab&nbsp;<a href=\"https:\/\/www.extratrail.com\/fr\/ultra-tour-des-sources-utds\" target=\"_blank\" rel=\"noreferrer noopener\" aria-label=\"%s (opens in a new tab)\">Ultra Tour des Sources<\/a><sup>\u00ae<\/sup>&nbsp;(<strong>UTDS<\/strong><sup>\u00ae<\/sup>), cr\u00e9\u00e9 par l\u2019ASBL \u00ab&nbsp;<a rel=\"noreferrer noopener\" aria-label=\"%s (opens in a new tab)\" href=\"https:\/\/www.extratrail.com\" target=\"_blank\">Extratrail<\/a><sup>\u00ae<\/sup>&nbsp;\u00bb. <\/p>\r\n\r\n\r\n\r\n<p>L'organisateur souscrit une assurance en responsabilit\u00e9 civile pour la dur\u00e9e de l'\u00e9preuve et rappelle aux concurrents qu'il peut \u00eatre de leur int\u00e9r\u00eat de souscrire un contrat d\u2019assurance de personnes couvrant les dommages corporels auxquels peut les exposer la pratique sportive. <\/p>\r\n\r\n\r\n\r\n<p>L'organisation\r\nde l'\u00e9preuve est plac\u00e9e sous la responsabilit\u00e9 d'un directeur de course qui\r\nveillera \u00e0 l\u2019application du pr\u00e9sent r\u00e8glement.&nbsp;<\/p>\r\n\r\n\r\n\r\n<p><strong>2. Parcours et\r\ncourses<\/strong><\/p>\r\n\r\n\r\n\r\n<p>Les courses de l\u2019UTDS\r\nsoumises au pr\u00e9sent r\u00e8glement :<\/p>\r\n\r\n\r\n\r\n<figure class=\"wp-block-table is-style-regular\"><table class=\"has-subtle-light-gray-background-color has-background\"><thead><tr><th class=\"has-text-align-center\" data-align=\"center\">Courses Solo<\/th><th class=\"has-text-align-center\" data-align=\"center\">D+ (m\u00e8tres)    <\/th><th class=\"has-text-align-center\" data-align=\"center\">Points ITRA<\/th><th class=\"has-text-align-center\" data-align=\"center\">D\u00e9part<\/th><th class=\"has-text-align-center\" data-align=\"center\">Arriv\u00e9e<\/th><th class=\"has-text-align-center\" data-align=\"center\">\u00c2ge requis<\/th><\/tr><\/thead><tbody><tr><td class=\"has-text-align-center\" data-align=\"center\">42 km<\/td><td class=\"has-text-align-center\" data-align=\"center\">1250<\/td><td class=\"has-text-align-center\" data-align=\"center\">2<\/td><td class=\"has-text-align-center\" data-align=\"center\">La Chefna<\/td><td class=\"has-text-align-center\" data-align=\"center\">Trois-Ponts<\/td><td class=\"has-text-align-center\" data-align=\"center\">18 ans<\/td><\/tr><tr><td class=\"has-text-align-center\" data-align=\"center\">80km<\/td><td class=\"has-text-align-center\" data-align=\"center\">2350<\/td><td class=\"has-text-align-center\" data-align=\"center\">3<\/td><td class=\"has-text-align-center\" data-align=\"center\">Spa<\/td><td class=\"has-text-align-center\" data-align=\"center\">Trois-Ponts<\/td><td class=\"has-text-align-center\" data-align=\"center\">18 ans<\/td><\/tr><tr><td class=\"has-text-align-center\" data-align=\"center\"><strong>Course Team  <\/strong>  <\/td><td class=\"has-text-align-center\" data-align=\"center\"><strong>D+ (m\u00e8tres)<\/strong><\/td><td class=\"has-text-align-center\" data-align=\"center\"><strong>Points ITRA<\/strong><\/td><td class=\"has-text-align-center\" data-align=\"center\"><strong>D\u00e9part<\/strong><\/td><td class=\"has-text-align-center\" data-align=\"center\"><strong>Arriv\u00e9e<\/strong><\/td><td class=\"has-text-align-center\" data-align=\"center\"><strong>\u00c2ge requis<\/strong><\/td><\/tr><tr><td class=\"has-text-align-center\" data-align=\"center\">80km<\/td><td class=\"has-text-align-center\" data-align=\"center\">2350<\/td><td class=\"has-text-align-center\" data-align=\"center\">0<\/td><td class=\"has-text-align-center\" data-align=\"center\">Spa<\/td><td class=\"has-text-align-center\" data-align=\"center\">Trois-Ponts<\/td><td class=\"has-text-align-center\" data-align=\"center\">18 ans<\/td><\/tr><\/tbody><\/table><\/figure>\r\n\r\n\r\n\r\n<p>Le mesurage du\r\nparcours (distances et d\u00e9nivel\u00e9s) a \u00e9t\u00e9 effectu\u00e9 \u00e0 l'aide d'un GPS.<\/p>\r\n\r\n\r\n\r\n<p>Les d\u00e9tails du\r\nparcours (d\u00e9nivel\u00e9s, cartographie...)&nbsp;sont&nbsp;disponibles sur le site\r\ninternet :&nbsp;<a href=\"http:\/\/www.utds.be\/\" target=\"_blank\" rel=\"noreferrer noopener\"><strong>www.utds.be<\/strong><\/a><\/p>\r\n\r\n\r\n\r\n<p>Le parcours peut\r\n\u00eatre modifi\u00e9 par l'organisateur \u00e0 tout moment, y compris le jour du\r\nd\u00e9part&nbsp;: s\u00e9curit\u00e9, conditions m\u00e9t\u00e9orologiques, autorisations de passage\r\nsur terrains priv\u00e9s\u2026<\/p>\r\n\r\n\r\n\r\n<p>La&nbsp;pr\u00e9sence\r\ndes concurrents au briefing d'avant course&nbsp;(15 minutes avant le d\u00e9part)\r\nest&nbsp;<strong>obligatoire<\/strong>.<\/p>\r\n\r\n\r\n\r\n<p><strong>2.1. Courses<\/strong><\/p>\r\n\r\n\r\n\r\n<p>Les courses Solo s\u2019effectuent par un concurrent portant un dossard solo et parcourant 80 ou 42 km en fonction de la distance choisie.<\/p>\r\n\r\n\r\n\r\n<p>La course Team s\u2019effectue par un minimum de 2 et maximum 4 coureurs portant un dossard Team parcourant 80 km et ce sous forme de relais, libre au Team de d\u00e9terminer le nombre de kilom\u00e8tres et relais \u00e0 effectuer, seules les zones de ravitaillement seront accept\u00e9es pour l\u2019\u00e9change de dossard.<\/p>\r\n\r\n\r\n\r\n<p><strong>3. Conditions\r\nd'inscription<\/strong><\/p>\r\n\r\n\r\n\r\n<p>L'inscription \u00e0 l\u2019UTDS vaut acceptation du pr\u00e9sent r\u00e8glement. L'inscription d'un concurrent n'est valid\u00e9e qu'\u00e0 r\u00e9ception du paiement du montant de ladite inscription avant la date officielle de cl\u00f4ture des inscriptions.<\/p>\r\n\r\n\r\n\r\n<p>Chaque concurrent souhaitant \u00eatre chronom\u00e9tr\u00e9 et class\u00e9 devra transmettre \u00e0 l'organisateur, lors du retrait de son dossard, la photocopie d\u2019un certificat m\u00e9dical d\u2019absence de contre-indication \u00e0 la pratique du sport en comp\u00e9tition datant de moins de un an&nbsp;\u00e0 la date de la comp\u00e9tition <strong>pour le 80km<\/strong> <strong>en solo.<\/strong><\/p>\r\n\r\n\r\n\r\n<p>En raison des mesures Covid, il sera toujours possible d'envisager d'autres mesures tenant compte de la situation sanitaire du moment.<\/p>\r\n\r\n\r\n\r\n<p>\u26a0\ufe0f <strong>Seule une attestation d'un m\u00e9decin et<\/strong> <strong>aucun autre document ne sera accept\u00e9 pour attester de la possession du certificat m\u00e9dical<\/strong> <strong>sur le 80km<\/strong><\/p>\r\n\r\n\r\n\r\n<p>Au retrait des\r\ndossards, chaque concurrent devra pouvoir justifier de son identit\u00e9 et, le cas\r\n\u00e9ch\u00e9ant, de l'identit\u00e9 du concurrent dont il retirerait le dossard.<\/p>\r\n\r\n\r\n\r\n<p>Tout engagement est personnel. Toute personne r\u00e9troc\u00e9dant son dossard \u00e0 une tierce personne sans avoir respect\u00e9 les proc\u00e9dures, sera reconnue responsable en cas d'accident survenu ou provoqu\u00e9 par cette derni\u00e8re durant l'\u00e9preuve. Toute personne disposant d\u2019un dossard acquis en infraction avec le pr\u00e9sent r\u00e8glement sera disqualifi\u00e9e. L\u2019organisation d\u00e9cline toute responsabilit\u00e9 en cas d'accident face \u00e0 ce type de situation.<\/p>\r\n\r\n\r\n\r\n<p><strong>4. S\u00e9curit\u00e9<\/strong><\/p>\r\n\r\n\r\n\r\n<p><strong>4.1. Capacit\u00e9\r\nphysique<\/strong><\/p>\r\n\r\n\r\n\r\n<p>Chaque concurrent est conscient de ses capacit\u00e9s et&nbsp;de ses&nbsp;limites physiques et psychologiques \u00e0 s'engager sur l'\u00e9preuve \u00e0 laquelle il est inscrit.&nbsp;En cas d'incapacit\u00e9 (physique, psychologique) d\u00e9cel\u00e9e par un m\u00e9decin ou par le directeur de course, la personne concern\u00e9e devra se retirer de l'\u00e9preuve.<\/p>\r\n\r\n\r\n\r\n<p>Les participants doivent \u00eatre aptes \u00e0 effectuer l'\u00e9preuve en semi-autosuffisance alimentaire (solide et liquide).&nbsp;Des ravitaillements (solide, liquide, froid ou chaud) sont mis en place, ils peuvent \u00eatre espac\u00e9s au maximum de 22 km. L'\u00e9tude pr\u00e9alable des parcours, disponibles sur le site de l'\u00e9preuve, est imp\u00e9rative. <\/p>\r\n\r\n\r\n\r\n<p>Des barri\u00e8res horaires sont appliqu\u00e9es en diff\u00e9rents points du parcours : voir tableau ci-dessous. <br> <\/p>\r\n\r\n\r\n\r\n<p>Au-del\u00e0 des\r\nbarri\u00e8res horaires d\u00e9finies par l\u2019organisation, les participants concern\u00e9s sont\r\nd\u00e9clar\u00e9s \"hors course\".<\/p>\r\n\r\n\r\n\r\n<p>Ils ne pourront pas poursuivre l'\u00e9preuve. Un concurrent d\u00e9clar\u00e9 hors course ou souhaitant abandonner par son propre choix la comp\u00e9tition doit remettre son dossard au ravitaillent ou base de vie la plus proche. L\u2019organisation prendra en charge le retour du participant \u00e0 l\u2019arriv\u00e9e au Centre culturel de Trois-Ponts au d\u00e9part de la base de vie de la Chefna, sauf s'il d\u00e9cide de s'y rendre par ses propres moyens et sous sa propre responsabilit\u00e9.<\/p>\r\n\r\n\r\n\r\n<p>Tout concurrent\r\nsouhaitant abandonner ou ne prenant pas le d\u00e9part apr\u00e8s avoir retir\u00e9 son\r\ndossard doit pr\u00e9venir l\u2019organisation.&nbsp;Le fait de ne pas informer\r\nl'organisation d'un abandon entra\u00eenera des recherches dont les frais seront\r\nfactur\u00e9s \u00e0 la charge du concurrent concern\u00e9.<\/p>\r\n\r\n\r\n\r\n<p>Les concurrents doivent imp\u00e9rativement passer par les zones des ravitaillements, qui servent \u00e9galement de zone de pointage. Chaque dossard devra \u00eatre encod\u00e9 \u00e0 toutes les zones de ravitaillent et&nbsp;base de vie.<\/p>\r\n\r\n\r\n\r\n<figure class=\"wp-block-table\"><table>\r\n\r\n\t<tbody>\r\n\t\t<tr>\r\n\t\t\t<td>Localit\u00e9, lieu ou point de passage (commune)<\/td>\r\n\t\t\t<td>km inter<\/td>\r\n\t\t\t<td>km cumul<\/td>\r\n\t\t\t<td>D+cumul<\/td>\r\n\t\t\t<td>Barr. Hor. (rapide)<\/td>\r\n\t\t\t<td>Barr. Hor. (lente)<\/td>\r\n\t\t\t<td style=\"background-color: red;\">STOP<\/td>\r\n\t\t\t<td>Ravitaillement<\/td>\r\n\t\t<\/tr>\r\n\t\t<tr>\r\n\t\t\t<td style=\"background-color: rgb(229, 0, 118);\"><a href=\"https:\/\/www.google.be\/maps\/place\/Rue+Hanster,+4900+Spa\/@50.4928866,5.8564287,17z\/data=!3m1!4b1!4m5!3m4!1s0x47c0622a83a74a7d:0x1a07b4d77de1b49e!8m2!3d50.4928832!4d5.8586174?hl=fr\" target=\"_blank\" style=\"color:#fff;\">Spa<\/a><\/td>\r\n\t\t\t<td>0<\/td>\r\n\t\t\t<td>0<\/td>\r\n\t\t\t<td>0<\/td>\r\n\t\t\t<td>08h00<\/td>\r\n\t\t\t<td>08h00<\/td>\r\n\t\t\t<td>&nbsp;<\/td>\r\n\t\t\t<td>D\u00e9part<\/td>\r\n\t\t<\/tr>\r\n\r\n\t\t\t\t<tr>\r\n\t\t\t<td><a href=\"https:\/\/www.google.be\/maps\/place\/Jevoumont+10,+4910+Theux\/@50.5234122,5.8015414,17z\/data=!3m1!4b1!4m5!3m4!1s0x47c0603035d72483:0x724e1b55e7b98bb7!8m2!3d50.5234088!4d5.8037301?hl=fr\" target=\"_blank\">Jevoumont<\/a><\/td>\r\n\t\t\t<td>20<\/td>\r\n\t\t\t<td>20<\/td>\r\n\t\t\t<td>679<\/td>\r\n\t\t\t<td>09h30<\/td>\r\n\t\t\t<td>12h00<\/td>\r\n\t\t\t<td style=\"background-color: red;\">12h00<\/td>\r\n\t\t\t<td>Solide - Liquide<\/td>\r\n\t\t<\/tr>\r\n\r\n\t\t\t<tr>\r\n\t\t\t<td style=\"background-color: rgb(229, 0, 118);\"><a href=\"https:\/\/www.google.be\/maps\/place\/Rte+de+Spa,+4987+Stoumont\/@50.4200035,5.7994799,17z\/data=!3m1!4b1!4m5!3m4!1s0x47c066fb110fbb31:0x54022a074db23192!8m2!3d50.4200001!4d5.8016686?hl=fr\" target=\"_blank\" style=\"color:#fff;\">Chefna<\/a><\/td>\r\n\t\t\t<td>20<\/td>\r\n\t\t\t<td>40<\/td>\r\n\t\t\t<td>1330<\/td>\r\n\t\t\t<td>10h15<\/td>\r\n\t\t\t<td>15h30<\/td>\r\n\t\t\t<td style=\"background-color: red;\">15h30<\/td>\r\n\t\t\t<td>Solide - Liquide - Chaud<\/td>\r\n\t\t<\/tr>\r\n\r\n\t\t<tr>\r\n\t\t\t<td><a href=\"https:\/\/www.google.be\/maps\/place\/Rte+de+l'Ambl%C3%A8ve+45,+4987+Stoumont\/@50.4080755,5.8056991,17z\/data=!3m1!4b1!4m5!3m4!1s0x47c06658da69988b:0x7884687277873254!8m2!3d50.4080721!4d5.8078878?hl=fr\" target=\"_blank\">Stoumont<\/a><\/td>\r\n\t\t\t<td>22<\/td>\r\n\t\t\t<td>62<\/td>\r\n\t\t\t<td>2145<\/td>\r\n\t\t\t<td>11h20<\/td>\r\n\t\t\t<td>20h15<\/td>\r\n\t\t\t<td style=\"background-color: red;\">20h15<\/td>\r\n\t\t\t<td>Solide - Liquide<\/td>\r\n\t\t<\/tr>\r\n\r\n\t\t<tr>\r\n\t\t\t<td style=\"background-color: rgb(229, 0, 118);\"><a href=\"https:\/\/www.google.be\/maps\/place\/Rue+Trav.+9,+4980+Trois-Ponts\/@50.372191,5.8673199,17z\/data=!3m1!4b1!4m5!3m4!1s0x47c0658f6aaf9b51:0x1b36a63df0886670!8m2!3d50.3721876!4d5.8695086?hl=fr\" target=\"_blank\" style=\"color:#fff\">Trois Ponts<\/a><\/td>\r\n\t\t\t<td>18<\/td>\r\n\t\t\t<td>78<\/td>\r\n\t\t\t<td>2678<\/td>\r\n\t\t\t<td>12h10<\/td>\r\n\t\t\t<td>23h59<\/td>\r\n\t\t\t<td>&nbsp;<\/td>\r\n\t\t\t<td>Solide - Liquide - Chaud<\/td>\r\n\t\t<\/tr>\r\n\r\n\t<\/tbody>\r\n<\/table>\r\n<\/figure>\r\n\r\n\r\n\r\n<p><span style=\"border-left:40px solid #E50076;padding:10px\">Base de vie<\/span><span style=\"border-left:40px solid red;padding:10px;margin-left:30px\">Barri\u00e8res horaires<\/span><\/p>\r\n\r\n\r\n\r\n<iframe loading=\"lazy\" src=\"https:\/\/iframe.tracedetrail.fr\/fr\/trace\/output2\/206359\/cartoweb\/1507024091\" scrolling=\"no\" marginheight=\"0\" marginwidth=\"0\" frameborder=\"0\" width=\"600\" height=\"800\" webkitallowfullscreen=\"\" mozallowfullscreen=\"\" allowfullscreen=\"\"><\/iframe>\r\n\r\n\r\n\r\n<p><strong>4.2. Risque\r\nroutier<\/strong><\/p>\r\n\r\n\r\n\r\n<p>Le parcours\r\ns'effectue principalement sur chemins et sentiers. Toutefois, lors des travers\u00e9es\r\nde villages ou de routes, la circulation n'est pas neutralis\u00e9e et les\r\nparticipants ne sont <strong>pas<\/strong> prioritaires. Un comportement prudent et responsable,\r\nen conformit\u00e9 aux r\u00e8gles du Code de la route, est exig\u00e9 :<\/p>\r\n\r\n\r\n\r\n<ul class=\"wp-block-list\"><li>ne pas traverser une route dans un virage, ne pas effectuer de travers\u00e9e de route en diagonale.<\/li><li>\u00e0 plusieurs, progresser en file indienne au bord de la chauss\u00e9e.<\/li><li>attendre que la chauss\u00e9e soit libre de toute pr\u00e9sence de v\u00e9hicule avant d'en effectuer la travers\u00e9e.<\/li><\/ul>\r\n\r\n\r\n\r\n<p><strong>4.3. Accident \/\r\nblessure \/ malaise<\/strong><\/p>\r\n\r\n\r\n\r\n<p><strong>Chaque coureur\r\ndoit porter assistance \u00e0 une personne en difficult\u00e9 ou en danger et pr\u00e9venir\r\nles secours.<\/strong><\/p>\r\n\r\n\r\n\r\n<p>Si vous \u00eates\r\nt\u00e9moin d'un accident ou d'un malaise :<\/p>\r\n\r\n\r\n\r\n<ul class=\"wp-block-list\"><li>gardez votre calme.<\/li><li>si l'accident \/ malaise a eu lieu sur la voie publique : prot\u00e9gez le lieu, indiquez la pr\u00e9sence de l'accident aux automobilistes, faites appel \u00e0 d'autres participants ou \u00e0 des spectateurs si n\u00e9cessaire.<\/li><li>prot\u00e9gez la victime du froid par exemple: couverture de survie, coupe-vent,...<\/li><li>alertez les secours en utilisant le num\u00e9ro d\u2019urgence qui se trouve sur votre dossard : soyez le plus pr\u00e9cis possible sur votre localisation (position GPS si connue, dernier point remarquable vu, route...) ou utiliser l\u2019application&nbsp;<strong>112<\/strong>.<\/li><li>si vous \u00eates secouriste : portez assistance \u00e0 la victime.<\/li><\/ul>\r\n\r\n\r\n\r\n<p><strong>Ne laissez\r\njamais une personne en difficult\u00e9 seule<\/strong>, m\u00eame si cette\r\npersonne vous demande de partir. Attendez toujours la d\u00e9cision des secouristes\r\nou du m\u00e9decin.<\/p>\r\n\r\n\r\n\r\n<p>Si vous \u00eates\r\nbless\u00e9 et seul sur le parcours (blessure sans gravit\u00e9 : entorse ou chute) :<\/p>\r\n\r\n\r\n\r\n<ul class=\"wp-block-list\"><li>prot\u00e9gez-vous du soleil, froid (couverture de survie, coupe-vent...) et\/ou de la chaleur.<\/li><li>pr\u00e9venez les secours et soyez le plus pr\u00e9cis possible dans votre localisation.<\/li><li>si vous pouvez marcher : progressez dans le sens de la course et informez les secours de votre progression.<\/li><\/ul>\r\n\r\n\r\n\r\n<p><strong>Si vous avez\r\nfait un malaise, ne repartez pas !<\/strong><\/p>\r\n\r\n\r\n\r\n<p>Prot\u00e9gez-vous du\r\nfroid et\/ou de la chaleur.&nbsp;<strong>Dans tous les cas : pr\u00e9venez les secouristes\r\net\/ou le m\u00e9decin de l'\u00e9preuve<\/strong>&nbsp;(num\u00e9ros de t\u00e9l\u00e9phone se trouvant sur\r\nvotre dossard).<\/p>\r\n\r\n\r\n\r\n<p>Si vous vous trouvez\r\nen zone non couverte par le r\u00e9seau t\u00e9l\u00e9phonique, pr\u00e9venez les secours\r\n(num\u00e9ro&nbsp;<strong>112<\/strong>&nbsp;si urgence m\u00e9dicale) demandez-leur de nous contacter pour la coordination\r\ndes actions de secours.<\/p>\r\n\r\n\r\n\r\n<p><strong>4.4. Mat\u00e9riel et\r\n\u00e9quipement<\/strong><\/p>\r\n\r\n\r\n\r\n<p>Le concurrent\r\ns'engage \u00e0 poss\u00e9der le mat\u00e9riel impos\u00e9 et \u00e0 le pr\u00e9senter \u00e0 toute r\u00e9quisition de\r\nl'organisateur durant la totalit\u00e9 de l'\u00e9preuve.<\/p>\r\n\r\n\r\n\r\n<p>Le dossard doit\r\n\u00eatre port\u00e9 et visible en permanence.<\/p>\r\n\r\n\r\n\r\n<p><strong>Mat\u00e9riel individuel obligatoire<\/strong>: =&gt; <strong>pour le 80Km <\/strong>&lt;=<\/p>\r\n\r\n\r\n\r\n<ul class=\"wp-block-list\"><li>T\u00e9l\u00e9phone portable charg\u00e9 (num\u00e9ro non masqu\u00e9) avec num\u00e9ros de t\u00e9l\u00e9phone de l'organisation et des secours enregistr\u00e9s&nbsp;<strong>(112)<\/strong>&nbsp;(ces num\u00e9ros seront communiqu\u00e9s avant le d\u00e9part de l'\u00e9preuve).<\/li><li>R\u00e9serve d'eau (1.5 L) et r\u00e9serve alimentaire suffisantes permettant d'avoir une autonomie adapt\u00e9e au parcours (voir localisation et distance des points de ravitaillement), y compris sur les tr\u00e8s petites distances.<\/li><li>GPS avec traces des parcours enregistr\u00e9es ou copies des cartes (versions d\u00e9finitives t\u00e9l\u00e9chargeables sur le site de l'\u00e9preuve au plus tard \u00e0 j-7).<\/li><li>couverture de survie (140cm x 200cm) dans son emballage d\u2019origine.<\/li><li>sifflet.<\/li><li>tenue vestimentaire adapt\u00e9e aux conditions m\u00e9t\u00e9orologiques : soleil, froid, pluie, neige...<\/li><li>gobelet personnel.<\/li><li>pour la nuit : lampe frontale ou ventrale\/pectorale et deux batteries charg\u00e9es.<\/li><li>les b\u00e2tons sont autoris\u00e9s.<\/li><\/ul>\r\n\r\n\r\n\r\n<p><strong>5. Tarifs<\/strong><\/p>\r\n\r\n\r\n\r\n<p>Le prix fix\u00e9 par dossard \u00e0 l\u2019\u00e9preuve solo 80 km et team est de 65\u20ac.<\/p>\r\n\r\n\r\n\r\n<p>Le prix du solo 42 km est de 35\u20ac.<\/p>\r\n\r\n\r\n\r\n<p> Les frais administratifs, modifications ou demandes&nbsp;sp\u00e9ciales \u00e9ventuelles font l'objet d'un suppl\u00e9ment.<\/p>\r\n\r\n\r\n\r\n<p><strong>6. Annulation<\/strong><\/p>\r\n\r\n\r\n\r\n<p><strong>Conditions g\u00e9n\u00e9rales de participation<\/strong><\/p>\r\n\r\n\r\n\r\n<p>Chaque inscription est consid\u00e9r\u00e9e comme personnelle et finale et implique l'acceptation compl\u00e8te du r\u00e8glement.&nbsp;<\/p>\r\n\r\n\r\n\r\n<p>\u26a0\ufe0f Aucun remboursement ne sera effectu\u00e9 sous aucun pr\u00e9texte. <\/p>\r\n\r\n\r\n\r\n<p>Tout engagement est personnel, en cas de transfert d\u2019inscription les frais inh\u00e9rents \u00e0 ce changement se feront \u00e0 charge du participant.<\/p>\r\n\r\n\r\n\r\n<p>Les conditions de transfert seront disponibles sur le site de l'op\u00e9rateur Chronorace, des frais administratifs pouvant \u00eatre retenus lors de ce changement.<\/p>\r\n\r\n\r\n\r\n<p><strong>7. Vie priv\u00e9e<\/strong><\/p>\r\n\r\n\r\n\r\n<p>Tout concurrent\r\nrenonce express\u00e9ment \u00e0 se pr\u00e9valoir du droit \u00e0 l'image durant l'\u00e9preuve, comme\r\nil renonce \u00e0 tout recours \u00e0 l'encontre de l'organisateur pour l'utilisation\r\nfaite de son image.<\/p>\r\n\r\n\r\n\r\n<p><strong>8. Sanctions<\/strong><\/p>\r\n\r\n\r\n\r\n<p><strong>Faute\/Sanction<\/strong><\/p>\r\n\r\n\r\n\r\n<ul class=\"wp-block-list\"><li>Disqualification (d\u00e9cision du directeur de course).<\/li><li>Jet ou abandon de d\u00e9tritus.<\/li><li>Non-assistance \u00e0 une personne en difficult\u00e9.<\/li><li>Non-respect des personnes : coureurs, organisation, s\u00e9curit\u00e9, randonneurs\u2026<\/li><li>Absence de dossard ou dossard non visible ou cach\u00e9.<\/li><li>Ravitaillement ext\u00e9rieur hors des zones pr\u00e9vues \u00e0 cet effet.<\/li><li>Changement ou falsification de dossard.<\/li><li>Refus de se soumettre \u00e0 un contr\u00f4le m\u00e9dical.<\/li><li>Absence d'une partie du mat\u00e9riel obligatoire ou refus de contr\u00f4le du mat\u00e9riel.<\/li><li>Comportement dangereux ou irresponsable sur les voies ouvertes \u00e0 la circulation ou lors des travers\u00e9es de routes.<\/li><li>Triche : utilisation de transport, partage de dossard, coupe de parcours,\u2026<\/li><\/ul>\r\n\r\n\r\n\r\n<p><strong>9. R\u00e9clamations\r\net litiges<\/strong><\/p>\r\n\r\n\r\n\r\n<p>Toute r\u00e9clamation doit \u00eatre formul\u00e9e par \u00e9crit (mail ou courrier) aupr\u00e8s de l'organisateur au plus tard 24 heures apr\u00e8s la cl\u00f4ture officielle l'\u00e9preuve pr\u00e9vue le dimanche \u00e0 minuit.<\/p>\r\n\r\n\r\n\r\n<p><strong>10. Divers<\/strong><\/p>\r\n\r\n\r\n\r\n<p>L'accompagnement\r\nd'un concurrent par un VTT ou par un engin motoris\u00e9 est strictement interdit.\r\nLe parcours s'effectue sur un parcours fr\u00e9quent\u00e9 par des randonneurs (adultes\r\net enfants).<\/p>\r\n\r\n\r\n\r\n<p>L'assistance\r\next\u00e9rieure est autoris\u00e9e, dans les zones de ravitaillement mises en place par\r\nl'organisation.<\/p>\r\n\r\n\r\n\r\n<p>Le\r\nfranchissement de haies, cl\u00f4tures, murs de propri\u00e9t\u00e9s, en dehors des passages\r\npr\u00e9vus \u00e0 cet effet, est interdit.<\/p>\r\n\r\n\r\n\r\n<p>Les participants\r\ncomme le public veilleront \u00e0 respecter l'environnement en appliquant \u00e0 minima\r\nles mesures suivantes :<\/p>\r\n\r\n\r\n\r\n<ul class=\"wp-block-list\"><li>animaux (chiens) tenus en laisse<\/li><li>respect de la qui\u00e9tude de la faune sauvage, en ce compris les batraciens et les insectes<\/li><li>respect de la flore sauvage (ni cueillette ni pr\u00e9l\u00e8vement de fleurs ou de plantes)<\/li><li>circulation des engins \u00e0 moteur interdite sur les chemins et sentiers<\/li><li>feux de camp et camping \/ bivouacs strictement interdits<\/li><li>jet et abandon de d\u00e9tritus strictement interdits<\/li><li>respect de la signalisation routi\u00e8re (code de la route d'application)<\/li><li>respect de la signalisation en for\u00eat.<\/li><li>tri des d\u00e9chets dans les zones ravitaillements.<\/li><\/ul>\r\n\r\n\r\n\r\n<p>Des mesures\r\nsp\u00e9cifiques de respect de l'environnement, impos\u00e9es par l'autorit\u00e9\r\nadministrative, pourront \u00e9galement \u00eatre communiqu\u00e9es aux concurrents, le jour\r\nde l'\u00e9preuve.<\/p>\r\n\r\n\r\n\r\n<p><strong>11.\r\nRavitaillements<\/strong><\/p>\r\n\r\n\r\n\r\n<p>3 ravitaillements seront propos\u00e9s sur l\u2019ensemble du parcours du 80K plus un \u00e0 l\u2019arriv\u00e9e, veuillez-vous r\u00e9f\u00e9rez au tableau (localit\u00e9, lieu ou point de passage visible sur le tableau).<\/p>\r\n\r\n\r\n\r\n<p><strong>12. Retrait des\r\ndossards<\/strong><\/p>\r\n\r\n\r\n\r\n<ul class=\"wp-block-list\"><li>Le retrait des dossards s\u2019effectuera pour le vendredi 09 ao\u00fbt 2024 de 17.00 hrs \u00e0 21.00 hrs au Centre Culturel de Trois-Ponts.<\/li><li>Le retrait des dossards s\u2019effectuera pour le samedi 10 ao\u00fbt 2024 de 06.00 hrs \u00e0 09.00 hrs au Centre Culturel de Trois-Ponts.<\/li><\/ul>\r\n\r\n\r\n\r\n<p><strong>13. Balisage<\/strong><\/p>\r\n\r\n\r\n\r\n<p>L\u2019UTDS poss\u00e8de\r\nun balisage permanent (balise EXTRATRAIL estampill\u00e9e d\u2019un logo UTDS\u00ae de couleur rose magenta). Un renforcement de jour par\r\nde la rubalise, marquage au sol et de nuit par des languettes r\u00e9fl\u00e9chissantes\r\nsera appos\u00e9. Une importante information sera communiqu\u00e9e au briefing d\u2019avant\r\ncourse. Possibilit\u00e9 de retrouver les visuels du balisage sur le\r\nsite&nbsp;:&nbsp;<a href=\"http:\/\/www.utds.be\/\" target=\"_blank\" rel=\"noreferrer noopener\"><strong>www.utds.be<\/strong><\/a><strong>&nbsp;<\/strong><\/p>\r\n\r\n\r\n\r\n<p>Le\r\nt\u00e9l\u00e9chargement de la trace GPX et son installation sur une montre GPS ou une\r\napplication mobile adapt\u00e9e est imp\u00e9rative. <br>\r\n<br>\r\n<\/p>\r\n\r\n\r\n\r\n<div style=\"height:30px\" aria-hidden=\"true\" class=\"wp-block-spacer\"><\/div>\r\n","protected":false},"excerpt":{"rendered":"<p>R\u00e8glement 1. Organisation L\u2019ASBL \u00ab&nbsp;Evotrail&nbsp;\u00bb porte l\u2019enti\u00e8re responsabilit\u00e9 l\u00e9gale et op\u00e9rationnelle de l\u2019organisation de l\u2019Ultra Trail des Sources), une&nbsp;comp\u00e9tition de course \u00e0 pied ouverte aux coureurs licenci\u00e9s ou non.Cette course \u00e0 pied utilise un trac\u00e9 original nomm\u00e9 \u00ab&nbsp;Ultra Tour des Sources\u00ae&nbsp;(UTDS\u00ae), cr\u00e9\u00e9 par l\u2019ASBL \u00ab&nbsp;Extratrail\u00ae&nbsp;\u00bb. L&rsquo;organisateur souscrit une assurance en responsabilit\u00e9 civile pour la dur\u00e9e [&hellip;]<\/p>\n","protected":false},"author":1,"featured_media":0,"parent":0,"menu_order":0,"comment_status":"closed","ping_status":"closed","template":"","meta":{"footnotes":""},"class_list":["post-67","page","type-page","status-publish","hentry"],"_links":{"self":[{"href":"https:\/\/utds.leyeti.be\/index.php\/wp-json\/wp\/v2\/pages\/67","targetHints":{"allow":["GET"]}}],"collection":[{"href":"https:\/\/utds.leyeti.be\/index.php\/wp-json\/wp\/v2\/pages"}],"about":[{"href":"https:\/\/utds.leyeti.be\/index.php\/wp-json\/wp\/v2\/types\/page"}],"author":[{"embeddable":true,"href":"https:\/\/utds.leyeti.be\/index.php\/wp-json\/wp\/v2\/users\/1"}],"replies":[{"embeddable":true,"href":"https:\/\/utds.leyeti.be\/index.php\/wp-json\/wp\/v2\/comments?post=67"}],"version-history":[{"count":0,"href":"https:\/\/utds.leyeti.be\/index.php\/wp-json\/wp\/v2\/pages\/67\/revisions"}],"wp:attachment":[{"href":"https:\/\/utds.leyeti.be\/index.php\/wp-json\/wp\/v2\/media?parent=67"}],"curies":[{"name":"wp","href":"https:\/\/api.w.org\/{rel}","templated":true}]}}