{"id":66,"date":"2019-11-22T15:44:13","date_gmt":"2019-11-22T14:44:13","guid":{"rendered":"https:\/\/utds.leyeti.be\/index.php\/infos-accompagnants\/"},"modified":"2024-01-19T09:31:59","modified_gmt":"2024-01-19T08:31:59","slug":"infos-accompagnants","status":"publish","type":"page","link":"https:\/\/utds.leyeti.be\/index.php\/infos-accompagnants\/","title":{"rendered":"Infos accompagnants"},"content":{"rendered":"\r\n<h1 class=\"wp-block-heading\"><strong>Infos accompagnants<\/strong><\/h1>\r\n\r\n\r\n\r\n<div style=\"height:20px\" aria-hidden=\"true\" class=\"wp-block-spacer\"><\/div>\r\n\r\n\r\n\r\n<div class=\"wp-block-media-text is-stacked-on-mobile\"><figure class=\"wp-block-media-text__media\"><img decoding=\"async\" src=\"https:\/\/utds.leyeti.be\/wp-content\/uploads\/2019\/11\/utds-2020-147_1.jpg\" alt=\"\" class=\"wp-image-236\" data-entity-type=\"file\" data-entity-uuid=\"8353db9e-e55d-41bf-a644-fc42ac76bcd2\" data-image-style=\"original\"\/><\/figure><div class=\"wp-block-media-text__content\">\r\n<ul class=\"wp-block-list\"><li>le centre culturel de Trois-Ponts<\/li><li> l\u2019assistance <\/li><li> les points de ravitaillement<\/li><li> les bases de vie<\/li><\/ul>\r\n<\/div><\/div>\r\n\r\n\r\n\r\n<p>L'accompagnement d'un concurrent par un VTT ou par un engin motoris\u00e9 est strictement interdit. Le parcours s'effectue sur un parcours fr\u00e9quent\u00e9 par des randonneurs (adultes et enfants). Le respect de tous les utilisateurs du parcours s'impose : ne pas crier, ne pas effrayer\u2026 <br> <\/p>\r\n\r\n\r\n\r\n<p>\u26a0\ufe0f <strong>L'assistance ext\u00e9rieure est autoris\u00e9e, uniquement dans les zones de ravitaillement mises en place par l\u2019organisation<\/strong>. <\/p>\r\n\r\n\r\n\r\n<p>Le franchissement de haies, cl\u00f4tures, murs de propri\u00e9t\u00e9s, en dehors des passages pr\u00e9vus \u00e0 cet effet, est interdit.<br> <br> Les participants comme le public veilleront \u00e0 respecter l'environnement en appliquant a minima les mesures suivantes :<\/p>\r\n\r\n\r\n\r\n<ul class=\"wp-block-list\"><li>animaux (chiens) tenus en laisse<\/li><li>respect de la qui\u00e9tude de la faune sauvage, en ce compris les batraciens et les insectes<\/li><li>respect de la flore sauvage (ni cueillette ni pr\u00e9l\u00e8vement de fleurs ou de plantes)<\/li><li>circulation des engins \u00e0 moteur interdite sur les chemins et sentiers<\/li><li>feux de camp et camping \/ bivouacs strictement interdits<\/li><li>jet et abandon de d\u00e9tritus strictement interdits<\/li><li>respect de la signalisation routi\u00e8re (code de la route d'application)<\/li><li>respect de la signalisation en for\u00eat.<\/li><\/ul>\r\n\r\n\r\n\r\n<div style=\"height:30px\" aria-hidden=\"true\" class=\"wp-block-spacer\"><\/div>\r\n\r\n\r\n\r\n<div class=\"wp-block-file\"><a href=\"https:\/\/utds.leyeti.be\/wp-content\/uploads\/2019\/11\/barriere-horaire-utds-2023-80km_0.pdf\" target=\"_blank\" rel=\"noreferrer noopener\">\u26a0\ufe0f <strong>Localisation des ravitaillements &gt;&gt;&gt;<\/strong><\/a><a href=\"https:\/\/utds.leyeti.be\/wp-content\/uploads\/2019\/11\/barriere-horaire-utds-2023-80km_0.pdf\" class=\"wp-block-file__button\" download>Tableau \u00e0 t\u00e9l\u00e9charger<\/a><\/div>\r\n\r\n\r\n\r\n<figure class=\"wp-block-image size-large is-resized\"><img loading=\"lazy\" decoding=\"async\" src=\"https:\/\/utds.leyeti.be\/wp-content\/uploads\/2019\/11\/utds-2020-90.jpg\" alt=\"\" class=\"wp-image-234\" width=\"491\" height=\"327\" data-entity-type=\"file\" data-entity-uuid=\"d341a739-e339-401c-9a08-3a554560b957\" data-image-style=\"original\"\/><\/figure>\r\n","protected":false},"excerpt":{"rendered":"<p>Infos accompagnants le centre culturel de Trois-Ponts l\u2019assistance les points de ravitaillement les bases de vie L&rsquo;accompagnement d&rsquo;un concurrent par un VTT ou par un engin motoris\u00e9 est strictement interdit. Le parcours s&rsquo;effectue sur un parcours fr\u00e9quent\u00e9 par des randonneurs (adultes et enfants). Le respect de tous les utilisateurs du parcours s&rsquo;impose : ne pas [&hellip;]<\/p>\n","protected":false},"author":1,"featured_media":63,"parent":0,"menu_order":0,"comment_status":"closed","ping_status":"closed","template":"","meta":{"footnotes":""},"class_list":["post-66","page","type-page","status-publish","has-post-thumbnail","hentry"],"_links":{"self":[{"href":"https:\/\/utds.leyeti.be\/index.php\/wp-json\/wp\/v2\/pages\/66","targetHints":{"allow":["GET"]}}],"collection":[{"href":"https:\/\/utds.leyeti.be\/index.php\/wp-json\/wp\/v2\/pages"}],"about":[{"href":"https:\/\/utds.leyeti.be\/index.php\/wp-json\/wp\/v2\/types\/page"}],"author":[{"embeddable":true,"href":"https:\/\/utds.leyeti.be\/index.php\/wp-json\/wp\/v2\/users\/1"}],"replies":[{"embeddable":true,"href":"https:\/\/utds.leyeti.be\/index.php\/wp-json\/wp\/v2\/comments?post=66"}],"version-history":[{"count":0,"href":"https:\/\/utds.leyeti.be\/index.php\/wp-json\/wp\/v2\/pages\/66\/revisions"}],"wp:featuredmedia":[{"embeddable":true,"href":"https:\/\/utds.leyeti.be\/index.php\/wp-json\/wp\/v2\/media\/63"}],"wp:attachment":[{"href":"https:\/\/utds.leyeti.be\/index.php\/wp-json\/wp\/v2\/media?parent=66"}],"curies":[{"name":"wp","href":"https:\/\/api.w.org\/{rel}","templated":true}]}}